{"id":88,"date":"2017-01-20T16:48:33","date_gmt":"2017-01-20T16:48:33","guid":{"rendered":"http:\/\/www.sushipoznan.pl\/?page_id=88"},"modified":"2021-10-06T18:29:23","modified_gmt":"2021-10-06T18:29:23","slug":"kontakt","status":"publish","type":"page","link":"https:\/\/www.sushipoznan.pl\/?page_id=88","title":{"rendered":"Kontakt"},"content":{"rendered":"<p>[et_pb_section fb_built=&#8221;1&#8243; next_background_color=&#8221;#ffffff&#8221; admin_label=&#8221;section&#8221; _builder_version=&#8221;3.22&#8243; background_color_gradient_direction=&#8221;279deg&#8221; background_image=&#8221;https:\/\/www.sushipoznan.pl\/wp-content\/uploads\/2019\/02\/022A3560.jpg&#8221; parallax=&#8221;on&#8221; custom_padding=&#8221;36px|0px|54px|0px|false|false&#8221; bottom_divider_style=&#8221;arrow&#8221; bottom_divider_height=&#8221;34px&#8221;][et_pb_row admin_label=&#8221;row&#8221; _builder_version=&#8221;3.25&#8243; background_color=&#8221;rgba(255,255,255,0.61)&#8221; background_size=&#8221;initial&#8221; background_position=&#8221;top_left&#8221; background_repeat=&#8221;repeat&#8221; custom_padding=&#8221;21px|0px|32px|0px|false|false&#8221;][et_pb_column type=&#8221;4_4&#8243; _builder_version=&#8221;3.25&#8243; custom_padding=&#8221;|||&#8221; custom_padding__hover=&#8221;|||&#8221;][et_pb_text admin_label=&#8221;Tekst&#8221; _builder_version=&#8221;4.9.4&#8243; text_font=&#8221;||||||||&#8221; text_text_color=&#8221;#000000&#8243; background_size=&#8221;initial&#8221; background_position=&#8221;top_left&#8221; background_repeat=&#8221;repeat&#8221; text_orientation=&#8221;center&#8221; module_alignment=&#8221;center&#8221; hover_enabled=&#8221;0&#8243; sticky_enabled=&#8221;0&#8243;]<\/p>\n<p>&nbsp;<\/p>\n<p><span style=\"color: rgba(255, 255, 255, 0); font-size: large;\"><span style=\"color: #000000;\">SUSHI BUSHI<\/span><\/span><\/p>\n<p style=\"text-align: center;\"><span style=\"color: #000000; font-size: large;\">UL. WINOGRADY 30<br \/>61-663 Pozna\u0144<\/span><\/p>\n<p style=\"text-align: center;\"><span style=\"font-size: large;\"><span style=\"color: #000000;\"><a style=\"color: #000000;\" href=\"tel:618201717\">tel. 61 820 17 17<br \/><\/a><\/span><a style=\"color: #000000;\" href=\"tel:500032034\">tel. 500 032 034<\/a><\/span><\/p>\n<p style=\"text-align: center;\">\n<p style=\"text-align: center;\"><span style=\"color: #000000; font-size: large;\"><a href=\"mailto:bushi@sushipoznan.pl\">bushi@sushipoznan.pl<\/a><\/span><\/p>\n<p style=\"text-align: center;\">*dowozy p\u0142atne 7z\u0142 na terenie Poznania<br \/>** do ka\u017cdego zam\u00f3wienia z dowozem oraz na wynos dop\u0142ata 1z\u0142 za opakowania i torb\u0119 papierow\u0105<\/p>\n<p style=\"text-align: center;\">[\/et_pb_text][\/et_pb_column][\/et_pb_row][\/et_pb_section][et_pb_section fb_built=&#8221;1&#8243; _builder_version=&#8221;3.22&#8243; custom_margin=&#8221;0px|0px|0px|0px&#8221; custom_padding=&#8221;0px|0px|0px|0px&#8221;][\/et_pb_section][et_pb_section fb_built=&#8221;1&#8243; prev_background_color=&#8221;#ffffff&#8221; admin_label=&#8221;Sekcja&#8221; _builder_version=&#8221;3.22&#8243; background_color=&#8221;#e02b20&#8243; top_divider_style=&#8221;arrow3&#8243; top_divider_height=&#8221;54px&#8221;][et_pb_row admin_label=&#8221;Wiersz&#8221; _builder_version=&#8221;3.25&#8243; background_size=&#8221;initial&#8221; background_position=&#8221;top_left&#8221; background_repeat=&#8221;repeat&#8221;][et_pb_column type=&#8221;4_4&#8243; _builder_version=&#8221;3.25&#8243; custom_padding=&#8221;|||&#8221; custom_padding__hover=&#8221;|||&#8221;][et_pb_text admin_label=&#8221;Tekst&#8221; _builder_version=&#8221;3.27.4&#8243; background_size=&#8221;initial&#8221; background_position=&#8221;top_left&#8221; background_repeat=&#8221;repeat&#8221; text_orientation=&#8221;center&#8221; background_layout=&#8221;dark&#8221; module_alignment=&#8221;center&#8221;]<\/p>\n<h3>JAK DO NAS TRAFI\u0106 ?<\/h3>\n<p>&nbsp;<\/p>\n<p>[\/et_pb_text][et_pb_button button_url=&#8221;https:\/\/www.google.com\/maps\/dir\/\/sushi+bushi\/data=!4m6!4m5!1m1!4e2!1m2!1m1!1s0x47045b57b969fa49:0x71df4f83ab4b879b?ved=2ahUKEwjwqYWyk9_gAhWQL1AKHcOBCJEQ9RcwDHoECAUQEA&#8221; button_text=&#8221;uruchom nawigacj\u0119&#8221; button_alignment=&#8221;center&#8221; admin_label=&#8221;Przycisk&#8221; _builder_version=&#8221;3.19.18&#8243; custom_button=&#8221;on&#8221; button_text_size=&#8221;24px&#8221; button_text_color=&#8221;#ffffff&#8221; button_font=&#8221;||||||||&#8221; button_text_size__hover_enabled=&#8221;off&#8221; button_one_text_size__hover_enabled=&#8221;off&#8221; button_two_text_size__hover_enabled=&#8221;off&#8221; button_text_color__hover_enabled=&#8221;off&#8221; button_one_text_color__hover_enabled=&#8221;off&#8221; button_two_text_color__hover_enabled=&#8221;off&#8221; button_border_width__hover_enabled=&#8221;off&#8221; button_one_border_width__hover_enabled=&#8221;off&#8221; button_two_border_width__hover_enabled=&#8221;off&#8221; button_border_color__hover_enabled=&#8221;off&#8221; button_one_border_color__hover_enabled=&#8221;off&#8221; button_two_border_color__hover_enabled=&#8221;off&#8221; button_border_radius__hover_enabled=&#8221;off&#8221; button_one_border_radius__hover_enabled=&#8221;off&#8221; button_two_border_radius__hover_enabled=&#8221;off&#8221; button_letter_spacing__hover_enabled=&#8221;off&#8221; button_one_letter_spacing__hover_enabled=&#8221;off&#8221; button_two_letter_spacing__hover_enabled=&#8221;off&#8221; button_bg_color__hover_enabled=&#8221;off&#8221; button_one_bg_color__hover_enabled=&#8221;off&#8221; button_two_bg_color__hover_enabled=&#8221;off&#8221;][\/et_pb_button][\/et_pb_column][\/et_pb_row][\/et_pb_section][et_pb_section fb_built=&#8221;1&#8243; fullwidth=&#8221;on&#8221; admin_label=&#8221;Sekcja&#8221; _builder_version=&#8221;3.22&#8243;][et_pb_fullwidth_code admin_label=&#8221;Kod w pe\u0142nej szeroko\u015bci&#8221; _builder_version=&#8221;3.19.18&#8243;]\n<div class=\"google-maps-builder-wrap\">\n\n\t<div id=\"google-maps-builder-89\" class=\"google-maps-builder\"  data-map-id=\"89\" style=\"width:100%; height:600px\"><\/div>\n\n\t\n<\/div>\n<!-- [et_pb_line_break_holder] --><!-- [et_pb_line_break_holder] -->[\/et_pb_fullwidth_code][\/et_pb_section]<\/p>\n","protected":false},"excerpt":{"rendered":"<p>&nbsp; SUSHI BUSHI UL. WINOGRADY 3061-663 Pozna\u0144 tel. 61 820 17 17tel. 500 032 034 bushi@sushipoznan.pl *dowozy p\u0142atne 7z\u0142 na terenie Poznania** do ka\u017cdego zam\u00f3wienia z dowozem oraz na wynos dop\u0142ata 1z\u0142 za opakowania i torb\u0119 papierow\u0105 JAK DO NAS TRAFI\u0106 ? &nbsp;\n<div class=\"google-maps-builder-wrap\">\n\n\t<div id=\"google-maps-builder-89\" class=\"google-maps-builder\"  data-map-id=\"89\" style=\"width:100%; height:600px\"><\/div>\n\n\t\n<\/div>\n<\/p>\n","protected":false},"author":1,"featured_media":0,"parent":0,"menu_order":0,"comment_status":"closed","ping_status":"closed","template":"","meta":{"_et_pb_use_builder":"on","_et_pb_old_content":"","_et_gb_content_width":"","footnotes":""},"class_list":["post-88","page","type-page","status-publish","hentry"],"_links":{"self":[{"href":"https:\/\/www.sushipoznan.pl\/index.php?rest_route=\/wp\/v2\/pages\/88","targetHints":{"allow":["GET"]}}],"collection":[{"href":"https:\/\/www.sushipoznan.pl\/index.php?rest_route=\/wp\/v2\/pages"}],"about":[{"href":"https:\/\/www.sushipoznan.pl\/index.php?rest_route=\/wp\/v2\/types\/page"}],"author":[{"embeddable":true,"href":"https:\/\/www.sushipoznan.pl\/index.php?rest_route=\/wp\/v2\/users\/1"}],"replies":[{"embeddable":true,"href":"https:\/\/www.sushipoznan.pl\/index.php?rest_route=%2Fwp%2Fv2%2Fcomments&post=88"}],"version-history":[{"count":30,"href":"https:\/\/www.sushipoznan.pl\/index.php?rest_route=\/wp\/v2\/pages\/88\/revisions"}],"predecessor-version":[{"id":388,"href":"https:\/\/www.sushipoznan.pl\/index.php?rest_route=\/wp\/v2\/pages\/88\/revisions\/388"}],"wp:attachment":[{"href":"https:\/\/www.sushipoznan.pl\/index.php?rest_route=%2Fwp%2Fv2%2Fmedia&parent=88"}],"curies":[{"name":"wp","href":"https:\/\/api.w.org\/{rel}","templated":true}]}}